{"id":313,"date":"2022-09-10T21:08:13","date_gmt":"2022-09-10T21:08:13","guid":{"rendered":"https:\/\/ninaperges.de\/?page_id=313"},"modified":"2024-01-02T17:08:48","modified_gmt":"2024-01-02T17:08:48","slug":"impressum","status":"publish","type":"page","link":"https:\/\/ninaperges.de\/de\/impressum","title":{"rendered":"Impressum"},"content":{"rendered":"<div data-elementor-type=\"wp-page\" data-elementor-id=\"313\" class=\"elementor elementor-313\" data-elementor-post-type=\"page\">\n\t\t\t\t\t\t<section class=\"elementor-section elementor-top-section elementor-element elementor-element-a19e1a1 elementor-section-boxed elementor-section-height-default elementor-section-height-default\" data-id=\"a19e1a1\" data-element_type=\"section\" data-e-type=\"section\">\n\t\t\t\t\t\t<div class=\"elementor-container elementor-column-gap-default\">\n\t\t\t\t\t<div class=\"elementor-column elementor-col-100 elementor-top-column elementor-element elementor-element-4af1ce8\" data-id=\"4af1ce8\" data-element_type=\"column\" data-e-type=\"column\">\n\t\t\t<div class=\"elementor-widget-wrap elementor-element-populated\">\n\t\t\t\t\t\t<div class=\"elementor-element elementor-element-7dab1ba elementor-widget elementor-widget-text-editor\" data-id=\"7dab1ba\" data-element_type=\"widget\" data-e-type=\"widget\" data-widget_type=\"text-editor.default\">\n\t\t\t\t<div class=\"elementor-widget-container\">\n\t\t\t\t\t\t\t\t\t<h1>Impressum<\/h1><h2 id=\"m46\">Diensteanbieter<\/h2><p>Nina Perges Tattoo<\/p><p>Gerberstra\u00dfe 13, 70178 Stuttgart<\/p><h2>\u00a0<\/h2><h2 id=\"m56\">Kontaktm\u00f6glichkeiten<\/h2><p>E-Mail-Adresse: <a href=\"mailto:info@ninaperges.de\">info@ninaperges.de<\/a><\/p><p>Telefon:\u00a00151 16945240<\/p><h2>\u00a0<\/h2><h2 id=\"m3589\">Audiovisuelle Mediendienste<\/h2><p>Sitzland: Deutschland<\/p><p>Zust\u00e4ndige Regulierungs-, bzw. Aufsichtsbeh\u00f6rde: Landesanstalt f\u00fcr Kommunikation Baden-W\u00fcrttemberg (LFK), <a href=\"https:\/\/www.lfk.de\/\" target=\"_blank\" rel=\"noopener\">https:\/\/www.lfk.de\/<\/a><\/p><h2>\u00a0<\/h2><h2 id=\"m172\">Social Media und andere Onlinepr\u00e4senzen<\/h2><p>Dieses Impressum gilt auch f\u00fcr die folgenden Social-Media-Pr\u00e4senzen und Onlineprofile:<\/p><p><a href=\"https:\/\/www.instagram.com\/nina.perges.tattoo\/\" target=\"_blank\" rel=\"noopener\">https:\/\/www.instagram.com\/nina.perges.tattoo\/<\/a><\/p><p><a href=\"https:\/\/ninaperges.de\/de\/\" target=\"_blank\" rel=\"noopener\">https:\/\/ninaperges.de<\/a><\/p><h2>\u00a0<\/h2><h2 id=\"m65\">Haftungs- und Schutzrechtshinweise<\/h2><p>Urheberrechte und Markenrechte: Alle auf dieser Website dargestellten Inhalte, wie Texte, Fotografien, Grafiken, Marken und Warenzeichen sind durch die jeweiligen Schutzrechte (Urheberrechte, Markenrechte) gesch\u00fctzt. Die Verwendung, Vervielf\u00e4ltigung usw. unterliegen unseren Rechten oder den Rechten der jeweiligen Urheber bzw. Rechteinhaber.<\/p><p class=\"seal\"><a title=\"Rechtstext von Dr. Schwenke - f\u00fcr weitere Informationen bitte anklicken.\" href=\"https:\/\/datenschutz-generator.de\/\" target=\"_blank\" rel=\"noopener noreferrer nofollow\">Erstellt mit kostenlosem Datenschutz-Generator.de von Dr. Thomas Schwenke<\/a><\/p>\t\t\t\t\t\t\t\t<\/div>\n\t\t\t\t<\/div>\n\t\t\t\t\t<\/div>\n\t\t<\/div>\n\t\t\t\t\t<\/div>\n\t\t<\/section>\n\t\t\t\t<\/div>","protected":false},"excerpt":{"rendered":"<p>Impressum Diensteanbieter Nina Perges Tattoo Gerberstra\u00dfe 13, 70178 Stuttgart \u00a0 Kontaktm\u00f6glichkeiten E-Mail-Adresse: info@ninaperges.de Telefon:\u00a00151 16945240 \u00a0 Audiovisuelle Mediendienste Sitzland: Deutschland Zust\u00e4ndige Regulierungs-, bzw. Aufsichtsbeh\u00f6rde: Landesanstalt f\u00fcr Kommunikation Baden-W\u00fcrttemberg (LFK), https:\/\/www.lfk.de\/ \u00a0 Social Media und andere Onlinepr\u00e4senzen Dieses Impressum gilt auch f\u00fcr die folgenden Social-Media-Pr\u00e4senzen und Onlineprofile: https:\/\/www.instagram.com\/nina.perges.tattoo\/ https:\/\/ninaperges.de \u00a0 Haftungs- und Schutzrechtshinweise Urheberrechte und Markenrechte: &#8230; <a title=\"Impressum\" class=\"read-more\" href=\"https:\/\/ninaperges.de\/de\/impressum\" aria-label=\"Mehr Informationen \u00fcber Impressum\">Weiterlesen<\/a><\/p>","protected":false},"author":1,"featured_media":0,"parent":0,"menu_order":0,"comment_status":"closed","ping_status":"closed","template":"elementor_header_footer","meta":{"footnotes":""},"class_list":["post-313","page","type-page","status-publish"],"yoast_head":"<!-- This site is optimized with the Yoast SEO plugin v27.5 - https:\/\/yoast.com\/product\/yoast-seo-wordpress\/ -->\n<title>Impressum - NP Studio<\/title>\n<meta name=\"robots\" content=\"index, follow, max-snippet:-1, max-image-preview:large, max-video-preview:-1\" \/>\n<link rel=\"canonical\" href=\"https:\/\/ninaperges.de\/de\/impressum\/\" \/>\n<meta property=\"og:locale\" content=\"de_DE\" \/>\n<meta property=\"og:type\" content=\"article\" \/>\n<meta property=\"og:title\" content=\"Impressum - NP Studio\" \/>\n<meta property=\"og:description\" content=\"Impressum Diensteanbieter Nina Perges Tattoo Gerberstra\u00dfe 13, 70178 Stuttgart \u00a0 Kontaktm\u00f6glichkeiten E-Mail-Adresse: info@ninaperges.de Telefon:\u00a00151 16945240 \u00a0 Audiovisuelle Mediendienste Sitzland: Deutschland Zust\u00e4ndige Regulierungs-, bzw. Aufsichtsbeh\u00f6rde: Landesanstalt f\u00fcr Kommunikation Baden-W\u00fcrttemberg (LFK), https:\/\/www.lfk.de\/ \u00a0 Social Media und andere Onlinepr\u00e4senzen Dieses Impressum gilt auch f\u00fcr die folgenden Social-Media-Pr\u00e4senzen und Onlineprofile: https:\/\/www.instagram.com\/nina.perges.tattoo\/ https:\/\/ninaperges.de \u00a0 Haftungs- und Schutzrechtshinweise Urheberrechte und Markenrechte: ... Weiterlesen\" \/>\n<meta property=\"og:url\" content=\"https:\/\/ninaperges.de\/de\/impressum\/\" \/>\n<meta property=\"og:site_name\" content=\"NP Studio\" \/>\n<meta property=\"article:modified_time\" content=\"2024-01-02T17:08:48+00:00\" \/>\n<meta name=\"twitter:card\" content=\"summary_large_image\" \/>\n<meta name=\"twitter:label1\" content=\"Gesch\u00e4tzte Lesezeit\" \/>\n\t<meta name=\"twitter:data1\" content=\"1\u00a0Minute\" \/>\n<script type=\"application\/ld+json\" class=\"yoast-schema-graph\">{\"@context\":\"https:\\\/\\\/schema.org\",\"@graph\":[{\"@type\":\"WebPage\",\"@id\":\"https:\\\/\\\/ninaperges.de\\\/impressum\",\"url\":\"https:\\\/\\\/ninaperges.de\\\/impressum\",\"name\":\"Impressum - NP Studio\",\"isPartOf\":{\"@id\":\"https:\\\/\\\/ninaperges.de\\\/#website\"},\"datePublished\":\"2022-09-10T21:08:13+00:00\",\"dateModified\":\"2024-01-02T17:08:48+00:00\",\"breadcrumb\":{\"@id\":\"https:\\\/\\\/ninaperges.de\\\/impressum#breadcrumb\"},\"inLanguage\":\"de\",\"potentialAction\":[{\"@type\":\"ReadAction\",\"target\":[\"https:\\\/\\\/ninaperges.de\\\/impressum\"]}]},{\"@type\":\"BreadcrumbList\",\"@id\":\"https:\\\/\\\/ninaperges.de\\\/impressum#breadcrumb\",\"itemListElement\":[{\"@type\":\"ListItem\",\"position\":1,\"name\":\"Startseite\",\"item\":\"https:\\\/\\\/ninaperges.de\\\/\"},{\"@type\":\"ListItem\",\"position\":2,\"name\":\"Impressum\"}]},{\"@type\":\"WebSite\",\"@id\":\"https:\\\/\\\/ninaperges.de\\\/#website\",\"url\":\"https:\\\/\\\/ninaperges.de\\\/\",\"name\":\"NP Studio\",\"description\":\"by Nina Perges\",\"publisher\":{\"@id\":\"https:\\\/\\\/ninaperges.de\\\/#organization\"},\"potentialAction\":[{\"@type\":\"SearchAction\",\"target\":{\"@type\":\"EntryPoint\",\"urlTemplate\":\"https:\\\/\\\/ninaperges.de\\\/?s={search_term_string}\"},\"query-input\":{\"@type\":\"PropertyValueSpecification\",\"valueRequired\":true,\"valueName\":\"search_term_string\"}}],\"inLanguage\":\"de\"},{\"@type\":\"Organization\",\"@id\":\"https:\\\/\\\/ninaperges.de\\\/#organization\",\"name\":\"NP Studio\",\"url\":\"https:\\\/\\\/ninaperges.de\\\/\",\"logo\":{\"@type\":\"ImageObject\",\"inLanguage\":\"de\",\"@id\":\"https:\\\/\\\/ninaperges.de\\\/#\\\/schema\\\/logo\\\/image\\\/\",\"url\":\"https:\\\/\\\/ninaperges.de\\\/wp-content\\\/uploads\\\/2023\\\/12\\\/Logo-Original-Pfade-1.png\",\"contentUrl\":\"https:\\\/\\\/ninaperges.de\\\/wp-content\\\/uploads\\\/2023\\\/12\\\/Logo-Original-Pfade-1.png\",\"width\":2560,\"height\":2296,\"caption\":\"NP Studio\"},\"image\":{\"@id\":\"https:\\\/\\\/ninaperges.de\\\/#\\\/schema\\\/logo\\\/image\\\/\"}}]}<\/script>\n<!-- \/ Yoast SEO plugin. -->","yoast_head_json":{"title":"Impressum - NP Studio","robots":{"index":"index","follow":"follow","max-snippet":"max-snippet:-1","max-image-preview":"max-image-preview:large","max-video-preview":"max-video-preview:-1"},"canonical":"https:\/\/ninaperges.de\/de\/impressum\/","og_locale":"de_DE","og_type":"article","og_title":"Impressum - NP Studio","og_description":"Impressum Diensteanbieter Nina Perges Tattoo Gerberstra\u00dfe 13, 70178 Stuttgart \u00a0 Kontaktm\u00f6glichkeiten E-Mail-Adresse: info@ninaperges.de Telefon:\u00a00151 16945240 \u00a0 Audiovisuelle Mediendienste Sitzland: Deutschland Zust\u00e4ndige Regulierungs-, bzw. Aufsichtsbeh\u00f6rde: Landesanstalt f\u00fcr Kommunikation Baden-W\u00fcrttemberg (LFK), https:\/\/www.lfk.de\/ \u00a0 Social Media und andere Onlinepr\u00e4senzen Dieses Impressum gilt auch f\u00fcr die folgenden Social-Media-Pr\u00e4senzen und Onlineprofile: https:\/\/www.instagram.com\/nina.perges.tattoo\/ https:\/\/ninaperges.de \u00a0 Haftungs- und Schutzrechtshinweise Urheberrechte und Markenrechte: ... Weiterlesen","og_url":"https:\/\/ninaperges.de\/de\/impressum\/","og_site_name":"NP Studio","article_modified_time":"2024-01-02T17:08:48+00:00","twitter_card":"summary_large_image","twitter_misc":{"Gesch\u00e4tzte Lesezeit":"1\u00a0Minute"},"schema":{"@context":"https:\/\/schema.org","@graph":[{"@type":"WebPage","@id":"https:\/\/ninaperges.de\/impressum","url":"https:\/\/ninaperges.de\/impressum","name":"Impressum - NP Studio","isPartOf":{"@id":"https:\/\/ninaperges.de\/#website"},"datePublished":"2022-09-10T21:08:13+00:00","dateModified":"2024-01-02T17:08:48+00:00","breadcrumb":{"@id":"https:\/\/ninaperges.de\/impressum#breadcrumb"},"inLanguage":"de","potentialAction":[{"@type":"ReadAction","target":["https:\/\/ninaperges.de\/impressum"]}]},{"@type":"BreadcrumbList","@id":"https:\/\/ninaperges.de\/impressum#breadcrumb","itemListElement":[{"@type":"ListItem","position":1,"name":"Startseite","item":"https:\/\/ninaperges.de\/"},{"@type":"ListItem","position":2,"name":"Impressum"}]},{"@type":"WebSite","@id":"https:\/\/ninaperges.de\/#website","url":"https:\/\/ninaperges.de\/","name":"NP Studio","description":"by Nina Perges","publisher":{"@id":"https:\/\/ninaperges.de\/#organization"},"potentialAction":[{"@type":"SearchAction","target":{"@type":"EntryPoint","urlTemplate":"https:\/\/ninaperges.de\/?s={search_term_string}"},"query-input":{"@type":"PropertyValueSpecification","valueRequired":true,"valueName":"search_term_string"}}],"inLanguage":"de"},{"@type":"Organization","@id":"https:\/\/ninaperges.de\/#organization","name":"NP Studio","url":"https:\/\/ninaperges.de\/","logo":{"@type":"ImageObject","inLanguage":"de","@id":"https:\/\/ninaperges.de\/#\/schema\/logo\/image\/","url":"https:\/\/ninaperges.de\/wp-content\/uploads\/2023\/12\/Logo-Original-Pfade-1.png","contentUrl":"https:\/\/ninaperges.de\/wp-content\/uploads\/2023\/12\/Logo-Original-Pfade-1.png","width":2560,"height":2296,"caption":"NP Studio"},"image":{"@id":"https:\/\/ninaperges.de\/#\/schema\/logo\/image\/"}}]}},"_links":{"self":[{"href":"https:\/\/ninaperges.de\/de\/wp-json\/wp\/v2\/pages\/313","targetHints":{"allow":["GET"]}}],"collection":[{"href":"https:\/\/ninaperges.de\/de\/wp-json\/wp\/v2\/pages"}],"about":[{"href":"https:\/\/ninaperges.de\/de\/wp-json\/wp\/v2\/types\/page"}],"author":[{"embeddable":true,"href":"https:\/\/ninaperges.de\/de\/wp-json\/wp\/v2\/users\/1"}],"replies":[{"embeddable":true,"href":"https:\/\/ninaperges.de\/de\/wp-json\/wp\/v2\/comments?post=313"}],"version-history":[{"count":31,"href":"https:\/\/ninaperges.de\/de\/wp-json\/wp\/v2\/pages\/313\/revisions"}],"predecessor-version":[{"id":2694,"href":"https:\/\/ninaperges.de\/de\/wp-json\/wp\/v2\/pages\/313\/revisions\/2694"}],"wp:attachment":[{"href":"https:\/\/ninaperges.de\/de\/wp-json\/wp\/v2\/media?parent=313"}],"curies":[{"name":"wp","href":"https:\/\/api.w.org\/{rel}","templated":true}]}}